{"id":1608,"date":"2023-11-08T12:35:14","date_gmt":"2023-11-08T11:35:14","guid":{"rendered":"https:\/\/www.lexcapital.it\/codigo-etico\/"},"modified":"2024-05-06T14:00:02","modified_gmt":"2024-05-06T12:00:02","slug":"codigo-etico","status":"publish","type":"page","link":"https:\/\/www.lexcapital.it\/es\/codigo-etico\/","title":{"rendered":"C\u00f3digo \u00c9tico"},"content":{"rendered":"<p>[et_pb_section fb_built=\u00bb1&#8243; _builder_version=\u00bb4.22.2&#8243; _module_preset=\u00bbdefault\u00bb global_colors_info=\u00bb{}\u00bb][et_pb_row _builder_version=\u00bb4.22.2&#8243; _module_preset=\u00bbdefault\u00bb custom_padding=\u00bb141px||20px|||\u00bb global_colors_info=\u00bb{}\u00bb][et_pb_column type=\u00bb4_4&#8243; _builder_version=\u00bb4.22.2&#8243; _module_preset=\u00bbdefault\u00bb global_colors_info=\u00bb{}\u00bb][et_pb_text _builder_version=\u00bb4.22.2&#8243; _module_preset=\u00bb53fac924-1644-4f70-a8a0-435df3cf1c52&#8243; header_font=\u00bbBaskervville|600|||||||\u00bb header_text_color=\u00bb#646363&#8243; header_font_size=\u00bb63px\u00bb header_line_height=\u00bb1.1em\u00bb custom_margin=\u00bb|-216px||||\u00bb header_font_size_tablet=\u00bb50px\u00bb header_font_size_phone=\u00bb24px\u00bb header_font_size_last_edited=\u00bbon|phone\u00bb locked=\u00bboff\u00bb global_colors_info=\u00bb{}\u00bb]<\/p>\n<h1>C\u00f3digo \u00c9tico y de Autorregulaci\u00f3n<\/h1>\n<p>[\/et_pb_text][et_pb_divider color=\u00bb#00A25A\u00bb divider_weight=\u00bb3px\u00bb _builder_version=\u00bb4.22.2&#8243; _module_preset=\u00bba9fcc5b1-74c5-43b4-b776-3e310da5f3e8&#8243; z_index=\u00bb10&#8243; max_width=\u00bb373px\u00bb module_alignment=\u00bbcenter\u00bb height=\u00bb10px\u00bb custom_margin=\u00bb0px||0px||false|false\u00bb custom_margin_tablet=\u00bb-59px||||false|false\u00bb custom_margin_phone=\u00bb-48px||||false|false\u00bb custom_margin_last_edited=\u00bbon|phone\u00bb locked=\u00bboff\u00bb global_colors_info=\u00bb{}\u00bb][\/et_pb_divider][et_pb_text _builder_version=\u00bb4.23.1&#8243; _module_preset=\u00bb22d0da71-6393-430b-a0cd-b77dd565e85c\u00bb text_text_color=\u00bb#3d3b3b\u00bb text_font_size=\u00bb16px\u00bb text_line_height=\u00bb1.8em\u00bb custom_margin=\u00bb|-129px||||\u00bb custom_padding=\u00bb39px|||||\u00bb text_font_size_tablet=\u00bb15px\u00bb text_font_size_phone=\u00bb14px\u00bb text_font_size_last_edited=\u00bbon|phone\u00bb header_font_size_tablet=\u00bb55px\u00bb header_font_size_last_edited=\u00bboff|desktop\u00bb locked=\u00bboff\u00bb global_colors_info=\u00bb{}\u00bb]<\/p>\n<p class=\"p1\" style=\"text-align: center;\"><em>El c\u00f3digo \u00e9tico de Lexcapital se ha realizado con el apoyo cient\u00edfico del Departamento de Derecho de la Universidad de Tur\u00edn.<\/em><\/p>\n<p>[\/et_pb_text][\/et_pb_column][\/et_pb_row][\/et_pb_section][et_pb_section fb_built=\u00bb1&#8243; admin_label=\u00bbAbout\u00bb _builder_version=\u00bb4.16&#8243; _module_preset=\u00bbdefault\u00bb custom_padding=\u00bb0px|||||\u00bb locked=\u00bboff\u00bb global_colors_info=\u00bb{}\u00bb][et_pb_row use_custom_gutter=\u00bbon\u00bb gutter_width=\u00bb4&#8243; _builder_version=\u00bb4.16&#8243; _module_preset=\u00bbdefault\u00bb custom_padding=\u00bb18px||16px|||\u00bb global_colors_info=\u00bb{}\u00bb][et_pb_column type=\u00bb4_4&#8243; _builder_version=\u00bb4.16&#8243; _module_preset=\u00bbdefault\u00bb global_colors_info=\u00bb{}\u00bb][et_pb_divider color=\u00bb#1D714F\u00bb divider_weight=\u00bb3px\u00bb _builder_version=\u00bb4.22.2&#8243; _module_preset=\u00bbce0e852d-65f7-4b50-97d9-c94701b6b484&#8243; max_width=\u00bb300px\u00bb module_alignment=\u00bbleft\u00bb height=\u00bb5px\u00bb custom_margin=\u00bb0px||18px||false|false\u00bb custom_margin_tablet=\u00bb-22px||||false|false\u00bb custom_margin_phone=\u00bb-18px||||false|false\u00bb custom_margin_last_edited=\u00bbon|phone\u00bb locked=\u00bboff\u00bb global_colors_info=\u00bb{}\u00bb][\/et_pb_divider][et_pb_text _builder_version=\u00bb4.23.1&#8243; _module_preset=\u00bb22d0da71-6393-430b-a0cd-b77dd565e85c\u00bb text_font_size=\u00bb16px\u00bb text_line_height=\u00bb1.8em\u00bb text_font_size_tablet=\u00bb15px\u00bb text_font_size_phone=\u00bb14px\u00bb text_font_size_last_edited=\u00bbon|phone\u00bb header_font_size_tablet=\u00bb55px\u00bb header_font_size_last_edited=\u00bboff|desktop\u00bb locked=\u00bboff\u00bb global_colors_info=\u00bb{}\u00bb]<\/p>\n<p><i><span>El presente C\u00f3digo \u00c9tico (el \u00abC\u00f3digo\u00bb) ha sido aprobado por Lexcapital s.r.l. &#8211; Sociedad Ben\u00e9fica (a continuaci\u00f3n \u00abLexcapital\u00bb) con deliberaci\u00f3n del Consejo de Administraci\u00f3n del 14 de noviembre de 2023.<\/span><\/i><\/p>\n<p>El presente C\u00f3digo \u00c9tico (el \u00abC\u00f3digo\u00bb) ha sido aprobado por Lexcapital s.r.l. \u2013 sociedad ben\u00e9fica (a continuaci\u00f3n \u00abLexCapital\u00bb) con deliberaci\u00f3n del Consejo de Administraci\u00f3n del 14 de noviembre de<br \/>2023.<br \/>El C\u00f3digo se pone a disposici\u00f3n de los clientes y otros terceros que interact\u00faan con LexCapital mediante su publicaci\u00f3n en el sitio web de la empresa <a href=\"http:\/\/www.lexcapital.it\">www.lexcapital.it<\/a>.\u00a0 Con las mismas modalidades o incluso con entrega directa, el C\u00f3digo se da a conocer a todos<br \/>los empleados, administradores, gerentes y colaboradores de LexCapital.<\/p>\n<p><b>1. PREMISA<\/b><\/p>\n<p>Este C\u00f3digo rige los principios de conducta que deben respetar los administradores, gerentes, empleados y colaboradores a cualquier t\u00edtulo de LexCapital en la realizaci\u00f3n de actividades de evaluaci\u00f3n, compra y venta de derechos de litigio y\/o de contencioso (la llamada <em>res litigiosa<\/em>) tanto en Italia como en el extranjero.<\/p>\n<p><b>2. MISI\u00d3N<\/b><\/p>\n<p>LexCapital realiza actividades de evaluaci\u00f3n, compra y venta de la <em>res litigiosa<\/em> de cualquier naturaleza, tambi\u00e9n a trav\u00e9s del desarrollo, realizaci\u00f3n y gesti\u00f3n de una infraestructura tecnol\u00f3gica, inform\u00e1tica y documental, o, en t\u00e9rminos sint\u00e9ticos, una plataforma digital para el desarrollo de actividades de litigation funding, denominada Lexcapital Litigation Assesment (LLA).<\/p>\n<p><b>VALORES<\/b><\/p>\n<p><b>3. RELACIONES CON LOS CLIENTES Y SUS REPRESENTANTES T\u00c9CNICOS<\/b><\/p>\n<p>En el desarrollo de su Misi\u00f3n, Lexcapital se compromete a conducirse bajo los principios de transparencia, confidencialidad y lealtad.<\/p>\n<p><b>A. TRANSPARENCIA<\/b><\/p>\n<p><b>3.1<\/b> LexCapital utiliza mensajes promocionales de su actividad siempre claros y nunca enga\u00f1osos y proporciona a sus interlocutores toda la informaci\u00f3n solicitada con la m\u00e1xima transparencia, incluida la relativa a la adecuaci\u00f3n del capital social. En particular, los par\u00e1metros para el c\u00e1lculo de los honorarios debidos a los cesionarios de la <em>res litigiosa<\/em>, calculados sobre la base del valor presunto del litigio cedido, estar\u00e1n<br \/>disponibles &#8211; en su versi\u00f3n actualizada &#8211; en una secci\u00f3n especial de la p\u00e1gina web de LexCapital.<br \/><b>3.2<\/b><span> Durante la fase de la <em>diligencia debida<\/em>, LexCapital facilita a sus interlocutores toda la informaci\u00f3n que razonablemente pueda percibirse como potencialmente generadora de un conflicto de intereses. Los ejemplos incluyen, entre otros: las relaciones con las otras partes del procedimiento y sus abogados, o las relaciones con los \u00e1rbitros o el mediador.<\/span><br \/><b>3.3<\/b><span> La propuesta contractual de LexCapital se formular\u00e1 por escrito, en italiano o en una lengua extranjera conocida por la otra parte contratante, de forma clara y f\u00e1cilmente comprensible.<\/span><br \/><b>3.4<\/b><span> La propuesta contractual de LexCapital indicar\u00e1 de forma clara e inequ\u00edvoca las circunstancias en las que LexCapital podr\u00e1 rescindir el contrato, el plazo de preaviso correspondiente y las consecuencias de la rescisi\u00f3n.<\/span><br \/><b>3.5<\/b><span> La propuesta contractual de LexCapital establece claramente y sin ambig\u00fcedades si se requiere el consentimiento previo del cedente para aceptar propuestas de acuerdo o conciliaci\u00f3n.<\/span><br \/><b>3.6<\/b><span> La propuesta contractual de LexCapital precisa si el cedente tendr\u00e1 que contribuir a los costes de litigaci\u00f3n de la otra parte en caso de perder el caso relativo al derecho cedido en litigio y si, en caso afirmativo, existe una obligaci\u00f3n de seguro por parte del cedente contra los riesgos de litigaci\u00f3n (p\u00e9rdida del caso).<\/span><br \/><b>3.7<\/b><span> La propuesta contractual de LexCapital especifica de forma clara e un\u00edvoca qu\u00e9 consecuencias puede acarrear la conclusi\u00f3n del contrato de cesi\u00f3n de litigios en lo que respecta a la relaci\u00f3n entre la parte y su abogado de confianza. Por ejemplo, se indica expresamente si LexCapital ser\u00e1 informada peri\u00f3dicamente, por el abogado de confianza del cedente, de la evoluci\u00f3n del litigio y tendr\u00e1 acceso a los actos y documentos contenidos en el expediente del caso.<\/span><br \/><b>3.8<\/b> LexCapital no exigir\u00e1 al cedente contraprestaci\u00f3n alguna distinta de la pactada en el contrato de cesi\u00f3n de la res litigiosa, salvo en caso de incumplimiento de la parte cedente.<\/p>\n<p><b>B. RESPETO Y LEALTAD<\/b><\/p>\n<p><strong>3.9<\/strong> LexCapital invita al potencial cedente a contar con la asistencia de un abogado de confianza, en particular para asuntos jur\u00eddicos especialmente complejos, tambi\u00e9n durante la fase de <em>diligencia debida<\/em>.<br \/><strong>3.10<\/strong> LexCapital protege los intereses de la parte cedente con la diligencia de un buen padre de familia durante todo el litigio.<br \/><strong>3.11<\/strong> LexCapital se compromete a anteponer los de la parte cedente a sus propios intereses, sin perjuicio de reservarse la posibilidad de autorizar la aceptaci\u00f3n de propuestas de transacci\u00f3n o conciliaci\u00f3n (supra 3.5).<br \/><strong>3.12<\/strong> LexCapital se compromete a no realizar ninguna solicitud al abogado de la parte cedente que sea incompatible con el cumplimiento del c\u00f3digo deontol\u00f3gico profesional.<br \/><strong>3.13<\/strong> LexCapital se compromete a respetar y hacer cumplir la legislaci\u00f3n sobre la denominada Compensaci\u00f3n Equitativa tras el cambio legislativo introducido por la Ley n\u00ba 49 de 21 de abril de 2023.<\/p>\n<p><b>C. CONFIDENCIALIDAD<\/b><\/p>\n<p><b>3.14<\/b>\u00a0LexCapital se compromete a mantener la confidencialidad de toda la informaci\u00f3n relativa al cliente o a terceros adquirida durante la fase de <em>diligencia debida<\/em>, as\u00ed como en la de ejecuci\u00f3n del contrato de cesi\u00f3n de la <em>res litigiosa<\/em>, salvo para aquella informaci\u00f3n que <em>i)<\/em> ya sea de dominio p\u00fablico y\/o est\u00e9 legalmente en posesi\u00f3n de LexCapital en el momento de la comunicaci\u00f3n a la misma, o <em>ii)<\/em> llegue a ser conocida por LexCapital sin que se haya producido una infracci\u00f3n del contrato de cesi\u00f3n de la <em>res litigiosa<\/em>.<\/p>\n<p><b>D. DATOS PERSONALES Y PRIVACIDAD<\/b><\/p>\n<p><b>3.15<\/b> Los datos personales se tratar\u00e1n correctamente de acuerdo con la legislaci\u00f3n vigente.<br \/><b>3.16<\/b> Los datos personales relativos a terceros, ya sean clientes, empleados u otros, se tratar\u00e1n de conformidad con la legislaci\u00f3n vigente.<br \/><b>3.17<\/b> Los datos personales s\u00f3lo se recopilar\u00e1n, tratar\u00e1n y compartir\u00e1n con terceros por motivos espec\u00edficos y leg\u00edtimos y en la medida en que se considere estrictamente necesario (por ejemplo, para estimar la probabilidad de \u00e9xito del litigio).<\/p>\n<p><b>4. ADECUACI\u00d3N FINANCIERA<\/b><\/p>\n<p>LexCapital subordina la firma de un contrato de cesi\u00f3n de la <em>res litigiosa<\/em> a la comprobaci\u00f3n de su suficiencia financiera. En particular, LexCapital tendr\u00e1 que verificar que dispone de recursos financieros adecuados para cumplir sus obligaciones derivadas de los contratos de cesi\u00f3n firmados durante toda la duraci\u00f3n del juicio, incluida la fase de impugnaci\u00f3n.<\/p>\n<p><b>5. INFRACCI\u00d3N DEL C\u00d3DIGO<\/b><\/p>\n<p>Dado que una conducta no \u00e9tica o il\u00edcita har\u00eda que LexCapital da\u00f1ara la relaci\u00f3n de confianza con sus grupos de inter\u00e9s con graves da\u00f1os para su imagen, reputaci\u00f3n y credibilidad, el cumplimiento de las normas de este C\u00f3digo constituye parte esencial de las obligaciones contractuales de los trabajadores (empleados y colaboradores) de LexCapital.<\/p>\n<p><b>6. C\u00d3MO DENUNCIAR LAS INFRACCIONES DEL C\u00d3DIGO (denuncia de irregularidades)<\/b><\/p>\n<p>Se pueden denunciar infracciones o sospechas de infracci\u00f3n del C\u00f3digo o situaciones potencialmente cr\u00edticas. La denuncia puede realizarse, de buena fe, de forma an\u00f3nima o nominativa, a trav\u00e9s de los canales puestos a disposici\u00f3n por LexCapital:<\/p>\n<p>e-mail: whistelblowing@lexcapital.it<br \/>Por correo, tambi\u00e9n certificado: LexCapital S.r.l. \u2013 sociedad ben\u00e9fica, Via Emilia, 14, -65122_<br \/>Pescara, Italy<\/p>\n<p>La denuncia debe ser circunstanciada y basada en hechos precisos y concordantes. Los hechos constitutivos de la presunta infracci\u00f3n deben describirse de la forma m\u00e1s clara y completa posible para que se puedan iniciar las actividades de investigaci\u00f3n y, en la<br \/>medida de lo posible, deben estar adecuadamente documentados.<\/p>\n<p>LexCapital no tolera ninguna forma de retorsi\u00f3n contra quien realice una denuncia de buena fe o participe en una investigaci\u00f3n relacionada con la misma, garantizando adem\u00e1s la protecci\u00f3n de la identidad del denunciante y del denunciado, dentro de los l\u00edmites de la ley, y la m\u00e1xima confidencialidad de la informaci\u00f3n contenida en la denuncia (Denuncia de irregularidades).<\/p>\n<p><b>7. DISPOSICIONES FINALES<\/b><\/p>\n<p>El presente C\u00f3digo entrar\u00e1 en vigor en la fecha de la deliberaci\u00f3n del Consejo de Administraci\u00f3n de su aprobaci\u00f3n.<\/p>\n<p>El C\u00f3digo est\u00e1 sujeto a revisiones peri\u00f3dicas; cualquier cambio o integraci\u00f3n debe ser aprobada por el Consejo de Administraci\u00f3n y publicada r\u00e1pidamente en el sitio web corporativo de LexCapital.<\/p>\n<p>Los destinatarios que ocupen posiciones de autoridad est\u00e1n obligados no solo a mostrar una actitud vigilante, sino tambi\u00e9n a seguir una conducta ejemplar en cuanto al cumplimiento de las normas y principios establecidos en este C\u00f3digo.<\/p>\n<p>[\/et_pb_text][\/et_pb_column][\/et_pb_row][\/et_pb_section][et_pb_section fb_built=\u00bb1&#8243; admin_label=\u00bbCall to Action\u00bb _builder_version=\u00bb4.22.2&#8243; _module_preset=\u00bbdefault\u00bb background_enable_color=\u00bboff\u00bb custom_padding=\u00bb2px||0px||false|false\u00bb saved_tabs=\u00bball\u00bb locked=\u00bboff\u00bb global_colors_info=\u00bb{}\u00bb][et_pb_row _builder_version=\u00bb4.22.2&#8243; _module_preset=\u00bbdefault\u00bb background_color=\u00bb#1D714F\u00bb custom_margin=\u00bb54px|auto||auto||\u00bb custom_padding=\u00bb35px||35px||false|false\u00bb global_colors_info=\u00bb{}\u00bb][et_pb_column type=\u00bb4_4&#8243; _builder_version=\u00bb4.22.2&#8243; _module_preset=\u00bbdefault\u00bb global_colors_info=\u00bb{}\u00bb][et_pb_text _builder_version=\u00bb4.22.2&#8243; _module_preset=\u00bb003e9429-8e11-4d9e-968b-8881092bbf81&#8243; text_font=\u00bbComfortaa|700|||||||\u00bb text_font_size=\u00bb18px\u00bb header_2_font=\u00bbIBM Plex Serif|500|||||||\u00bb header_2_text_align=\u00bbcenter\u00bb header_2_text_color=\u00bb#646363&#8243; header_2_font_size=\u00bb48px\u00bb header_2_line_height=\u00bb1.1em\u00bb header_3_font=\u00bbBaskervville|700|||||||\u00bb header_3_text_color=\u00bb#FFFFFF\u00bb header_3_font_size=\u00bb35px\u00bb max_width=\u00bb500px\u00bb module_alignment=\u00bbcenter\u00bb min_height=\u00bb74px\u00bb custom_margin=\u00bb||0px||false|false\u00bb header_2_font_size_tablet=\u00bb32px\u00bb header_2_font_size_phone=\u00bb20px\u00bb header_2_font_size_last_edited=\u00bbon|desktop\u00bb header_2_line_height_tablet=\u00bb1.2em\u00bb header_2_line_height_phone=\u00bb\u00bb header_2_line_height_last_edited=\u00bbon|phone\u00bb locked=\u00bboff\u00bb global_colors_info=\u00bb{}\u00bb]<\/p>\n<h3 style=\"text-align: center;\">Env\u00edenos su caso<\/h3>\n<p>[\/et_pb_text][et_pb_button button_text=\u00bbCONTACTE CON NOSOTROS\u00bb button_alignment=\u00bbcenter\u00bb _builder_version=\u00bb4.22.2&#8243; _module_preset=\u00bbbdf23963-464b-4991-88aa-271cf8b45b57&#8243; custom_button=\u00bbon\u00bb button_text_size=\u00bb14px\u00bb button_text_color=\u00bb#000000&#8243; button_bg_color=\u00bb#FFFFFF\u00bb button_border_width=\u00bb0px\u00bb button_border_radius=\u00bb0px\u00bb button_font=\u00bb|700|||||||\u00bb custom_padding=\u00bb15px|28px|15px|28px|true|true\u00bb locked=\u00bboff\u00bb global_colors_info=\u00bb{}\u00bb][\/et_pb_button][\/et_pb_column][\/et_pb_row][\/et_pb_section]<\/p>\n","protected":false},"excerpt":{"rendered":"<p>C\u00f3digo \u00c9tico y de Autorregulaci\u00f3nEl c\u00f3digo \u00e9tico de Lexcapital se ha realizado con el apoyo cient\u00edfico del Departamento de Derecho de la Universidad de Tur\u00edn.El presente C\u00f3digo \u00c9tico (el \u00abC\u00f3digo\u00bb) ha sido aprobado por Lexcapital s.r.l. &#8211; Sociedad Ben\u00e9fica (a continuaci\u00f3n \u00abLexcapital\u00bb) con deliberaci\u00f3n del Consejo de Administraci\u00f3n del 14 de noviembre de 2023.El presente [&hellip;]<\/p>\n","protected":false},"author":1,"featured_media":0,"parent":0,"menu_order":0,"comment_status":"closed","ping_status":"closed","template":"","meta":{"_et_pb_use_builder":"on","_et_pb_old_content":"","_et_gb_content_width":"","footnotes":""},"class_list":["post-1608","page","type-page","status-publish","hentry"],"yoast_head":"<!-- This site is optimized with the Yoast SEO plugin v26.8 - https:\/\/yoast.com\/product\/yoast-seo-wordpress\/ -->\n<title>C\u00f3digo \u00c9tico - Lexcapital<\/title>\n<meta name=\"description\" content=\"El c\u00f3digo \u00e9tico de LexCapital se ha realizado con el apoyo cient\u00edfico del Departamento de Derecho de la Universidad de Tur\u00edn.\" \/>\n<meta name=\"robots\" content=\"index, follow, max-snippet:-1, max-image-preview:large, max-video-preview:-1\" \/>\n<link rel=\"canonical\" href=\"https:\/\/www.lexcapital.it\/es\/codigo-etico\/\" \/>\n<meta property=\"og:locale\" content=\"es_ES\" \/>\n<meta property=\"og:type\" content=\"article\" \/>\n<meta property=\"og:title\" content=\"C\u00f3digo \u00c9tico - Lexcapital\" \/>\n<meta property=\"og:description\" content=\"El c\u00f3digo \u00e9tico de LexCapital se ha realizado con el apoyo cient\u00edfico del Departamento de Derecho de la Universidad de Tur\u00edn.\" \/>\n<meta property=\"og:url\" content=\"https:\/\/www.lexcapital.it\/es\/codigo-etico\/\" \/>\n<meta property=\"og:site_name\" content=\"Lexcapital\" \/>\n<meta property=\"article:modified_time\" content=\"2024-05-06T12:00:02+00:00\" \/>\n<meta name=\"twitter:card\" content=\"summary_large_image\" \/>\n<meta name=\"twitter:label1\" content=\"Tiempo de lectura\" \/>\n\t<meta name=\"twitter:data1\" content=\"11 minutos\" \/>\n<script type=\"application\/ld+json\" class=\"yoast-schema-graph\">{\"@context\":\"https:\/\/schema.org\",\"@graph\":[{\"@type\":\"WebPage\",\"@id\":\"https:\/\/www.lexcapital.it\/es\/codigo-etico\/\",\"url\":\"https:\/\/www.lexcapital.it\/es\/codigo-etico\/\",\"name\":\"C\u00f3digo \u00c9tico - Lexcapital\",\"isPartOf\":{\"@id\":\"https:\/\/www.lexcapital.it\/es\/#website\"},\"datePublished\":\"2023-11-08T11:35:14+00:00\",\"dateModified\":\"2024-05-06T12:00:02+00:00\",\"description\":\"El c\u00f3digo \u00e9tico de LexCapital se ha realizado con el apoyo cient\u00edfico del Departamento de Derecho de la Universidad de Tur\u00edn.\",\"breadcrumb\":{\"@id\":\"https:\/\/www.lexcapital.it\/es\/codigo-etico\/#breadcrumb\"},\"inLanguage\":\"es\",\"potentialAction\":[{\"@type\":\"ReadAction\",\"target\":[\"https:\/\/www.lexcapital.it\/es\/codigo-etico\/\"]}]},{\"@type\":\"BreadcrumbList\",\"@id\":\"https:\/\/www.lexcapital.it\/es\/codigo-etico\/#breadcrumb\",\"itemListElement\":[{\"@type\":\"ListItem\",\"position\":1,\"name\":\"Home\",\"item\":\"https:\/\/www.lexcapital.it\/es\/\"},{\"@type\":\"ListItem\",\"position\":2,\"name\":\"C\u00f3digo \u00c9tico\"}]},{\"@type\":\"WebSite\",\"@id\":\"https:\/\/www.lexcapital.it\/es\/#website\",\"url\":\"https:\/\/www.lexcapital.it\/es\/\",\"name\":\"Lexcapital\",\"description\":\"Litigation Funding\",\"publisher\":{\"@id\":\"https:\/\/www.lexcapital.it\/es\/#organization\"},\"potentialAction\":[{\"@type\":\"SearchAction\",\"target\":{\"@type\":\"EntryPoint\",\"urlTemplate\":\"https:\/\/www.lexcapital.it\/es\/?s={search_term_string}\"},\"query-input\":{\"@type\":\"PropertyValueSpecification\",\"valueRequired\":true,\"valueName\":\"search_term_string\"}}],\"inLanguage\":\"es\"},{\"@type\":\"Organization\",\"@id\":\"https:\/\/www.lexcapital.it\/es\/#organization\",\"name\":\"Lexcapital\",\"url\":\"https:\/\/www.lexcapital.it\/es\/\",\"logo\":{\"@type\":\"ImageObject\",\"inLanguage\":\"es\",\"@id\":\"https:\/\/www.lexcapital.it\/es\/#\/schema\/logo\/image\/\",\"url\":\"https:\/\/www.lexcapital.it\/wp-content\/uploads\/2023\/11\/Logo-Lex-Capital-grande.png\",\"contentUrl\":\"https:\/\/www.lexcapital.it\/wp-content\/uploads\/2023\/11\/Logo-Lex-Capital-grande.png\",\"width\":1200,\"height\":480,\"caption\":\"Lexcapital\"},\"image\":{\"@id\":\"https:\/\/www.lexcapital.it\/es\/#\/schema\/logo\/image\/\"}}]}<\/script>\n<!-- \/ Yoast SEO plugin. -->","yoast_head_json":{"title":"C\u00f3digo \u00c9tico - Lexcapital","description":"El c\u00f3digo \u00e9tico de LexCapital se ha realizado con el apoyo cient\u00edfico del Departamento de Derecho de la Universidad de Tur\u00edn.","robots":{"index":"index","follow":"follow","max-snippet":"max-snippet:-1","max-image-preview":"max-image-preview:large","max-video-preview":"max-video-preview:-1"},"canonical":"https:\/\/www.lexcapital.it\/es\/codigo-etico\/","og_locale":"es_ES","og_type":"article","og_title":"C\u00f3digo \u00c9tico - Lexcapital","og_description":"El c\u00f3digo \u00e9tico de LexCapital se ha realizado con el apoyo cient\u00edfico del Departamento de Derecho de la Universidad de Tur\u00edn.","og_url":"https:\/\/www.lexcapital.it\/es\/codigo-etico\/","og_site_name":"Lexcapital","article_modified_time":"2024-05-06T12:00:02+00:00","twitter_card":"summary_large_image","twitter_misc":{"Tiempo de lectura":"11 minutos"},"schema":{"@context":"https:\/\/schema.org","@graph":[{"@type":"WebPage","@id":"https:\/\/www.lexcapital.it\/es\/codigo-etico\/","url":"https:\/\/www.lexcapital.it\/es\/codigo-etico\/","name":"C\u00f3digo \u00c9tico - Lexcapital","isPartOf":{"@id":"https:\/\/www.lexcapital.it\/es\/#website"},"datePublished":"2023-11-08T11:35:14+00:00","dateModified":"2024-05-06T12:00:02+00:00","description":"El c\u00f3digo \u00e9tico de LexCapital se ha realizado con el apoyo cient\u00edfico del Departamento de Derecho de la Universidad de Tur\u00edn.","breadcrumb":{"@id":"https:\/\/www.lexcapital.it\/es\/codigo-etico\/#breadcrumb"},"inLanguage":"es","potentialAction":[{"@type":"ReadAction","target":["https:\/\/www.lexcapital.it\/es\/codigo-etico\/"]}]},{"@type":"BreadcrumbList","@id":"https:\/\/www.lexcapital.it\/es\/codigo-etico\/#breadcrumb","itemListElement":[{"@type":"ListItem","position":1,"name":"Home","item":"https:\/\/www.lexcapital.it\/es\/"},{"@type":"ListItem","position":2,"name":"C\u00f3digo \u00c9tico"}]},{"@type":"WebSite","@id":"https:\/\/www.lexcapital.it\/es\/#website","url":"https:\/\/www.lexcapital.it\/es\/","name":"Lexcapital","description":"Litigation Funding","publisher":{"@id":"https:\/\/www.lexcapital.it\/es\/#organization"},"potentialAction":[{"@type":"SearchAction","target":{"@type":"EntryPoint","urlTemplate":"https:\/\/www.lexcapital.it\/es\/?s={search_term_string}"},"query-input":{"@type":"PropertyValueSpecification","valueRequired":true,"valueName":"search_term_string"}}],"inLanguage":"es"},{"@type":"Organization","@id":"https:\/\/www.lexcapital.it\/es\/#organization","name":"Lexcapital","url":"https:\/\/www.lexcapital.it\/es\/","logo":{"@type":"ImageObject","inLanguage":"es","@id":"https:\/\/www.lexcapital.it\/es\/#\/schema\/logo\/image\/","url":"https:\/\/www.lexcapital.it\/wp-content\/uploads\/2023\/11\/Logo-Lex-Capital-grande.png","contentUrl":"https:\/\/www.lexcapital.it\/wp-content\/uploads\/2023\/11\/Logo-Lex-Capital-grande.png","width":1200,"height":480,"caption":"Lexcapital"},"image":{"@id":"https:\/\/www.lexcapital.it\/es\/#\/schema\/logo\/image\/"}}]}},"_links":{"self":[{"href":"https:\/\/www.lexcapital.it\/es\/wp-json\/wp\/v2\/pages\/1608","targetHints":{"allow":["GET"]}}],"collection":[{"href":"https:\/\/www.lexcapital.it\/es\/wp-json\/wp\/v2\/pages"}],"about":[{"href":"https:\/\/www.lexcapital.it\/es\/wp-json\/wp\/v2\/types\/page"}],"author":[{"embeddable":true,"href":"https:\/\/www.lexcapital.it\/es\/wp-json\/wp\/v2\/users\/1"}],"replies":[{"embeddable":true,"href":"https:\/\/www.lexcapital.it\/es\/wp-json\/wp\/v2\/comments?post=1608"}],"version-history":[{"count":0,"href":"https:\/\/www.lexcapital.it\/es\/wp-json\/wp\/v2\/pages\/1608\/revisions"}],"wp:attachment":[{"href":"https:\/\/www.lexcapital.it\/es\/wp-json\/wp\/v2\/media?parent=1608"}],"curies":[{"name":"wp","href":"https:\/\/api.w.org\/{rel}","templated":true}]}}