{"id":1503,"date":"2023-10-19T11:26:52","date_gmt":"2023-10-19T09:26:52","guid":{"rendered":"https:\/\/www.lexcapital.it\/antitrust-embalajes\/"},"modified":"2024-05-06T14:00:10","modified_gmt":"2024-05-06T12:00:10","slug":"antitrust-imballaggi-2","status":"publish","type":"page","link":"https:\/\/www.lexcapital.it\/es\/antitrust-imballaggi-2\/","title":{"rendered":"Antitrust Embalajes"},"content":{"rendered":"<p>[et_pb_section fb_built=\u00bb1&#8243; admin_label=\u00bbServices\u00bb _builder_version=\u00bb4.22.2&#8243; _module_preset=\u00bbdefault\u00bb use_background_color_gradient=\u00bbon\u00bb background_color_gradient_direction=\u00bb90deg\u00bb background_color_gradient_stops=\u00bb#f7f7f7 54%|rgba(255,255,255,0) 54%|rgba(247,247,247,0) 100%\u00bb background_color_gradient_overlays_image=\u00bbon\u00bb background_color_gradient_start=\u00bb#ffffff\u00bb background_color_gradient_start_position=\u00bb50%\u00bb background_color_gradient_end=\u00bb#f7f7f7&#8243; background_color_gradient_end_position=\u00bb50%\u00bb background_image=\u00bbhttps:\/\/www.lexcapital.it\/wp-content\/uploads\/2023\/10\/modern-background-with-white-shapes.jpg\u00bb custom_padding=\u00bb||90px|||\u00bb global_colors_info=\u00bb{}\u00bb][et_pb_row column_structure=\u00bb1_2,1_2&#8243; custom_padding_last_edited=\u00bbon|phone\u00bb admin_label=\u00bbL\u00ednea\u00bb _builder_version=\u00bb4.22.2&#8243; _module_preset=\u00bbdefault\u00bb custom_padding=\u00bb9px||43px|||\u00bb custom_padding_tablet=\u00bb||0px||false|false\u00bb custom_padding_phone=\u00bb9px||0px||false|false\u00bb global_colors_info=\u00bb{}\u00bb][et_pb_column type=\u00bb1_2&#8243; _builder_version=\u00bb4.22.2&#8243; _module_preset=\u00bbdefault\u00bb global_colors_info=\u00bb{}\u00bb][et_pb_text _builder_version=\u00bb4.22.2&#8243; _module_preset=\u00bb53fac924-1644-4f70-a8a0-435df3cf1c52&#8243; text_font=\u00bb||||||||\u00bb text_text_color=\u00bb#646363&#8243; header_font=\u00bbBaskervville|700|||||||\u00bb header_text_color=\u00bb#646363&#8243; header_font_size=\u00bb63px\u00bb header_line_height=\u00bb1.1em\u00bb max_width=\u00bb670px\u00bb custom_margin=\u00bb||-1px|||\u00bb header_font_size_tablet=\u00bb50px\u00bb header_font_size_phone=\u00bb24px\u00bb header_font_size_last_edited=\u00bbon|phone\u00bb locked=\u00bboff\u00bb global_colors_info=\u00bb{}\u00bb]<\/p>\n<h1>Antitrust Embalajes<\/h1>\n<p>[\/et_pb_text][et_pb_divider color=\u00bb#00A25A\u00bb divider_weight=\u00bb5px\u00bb _builder_version=\u00bb4.22.2&#8243; _module_preset=\u00bba9fcc5b1-74c5-43b4-b776-3e310da5f3e8&#8243; z_index=\u00bb10&#8243; max_width=\u00bb330px\u00bb height=\u00bb10px\u00bb custom_margin=\u00bb0px||0px||false|false\u00bb custom_margin_tablet=\u00bb0px||||false|false\u00bb custom_margin_phone=\u00bb0px||||false|false\u00bb custom_margin_last_edited=\u00bbon|phone\u00bb locked=\u00bboff\u00bb global_colors_info=\u00bb{}\u00bb][\/et_pb_divider][\/et_pb_column][et_pb_column type=\u00bb1_2&#8243; disabled_on=\u00bbon|off|off\u00bb _builder_version=\u00bb4.22.2&#8243; _module_preset=\u00bbdefault\u00bb global_colors_info=\u00bb{}\u00bb][\/et_pb_column][\/et_pb_row][\/et_pb_section][et_pb_section fb_built=\u00bb1&#8243; admin_label=\u00bbServices\u00bb _builder_version=\u00bb4.22.2&#8243; _module_preset=\u00bbdefault\u00bb background_color=\u00bbRGBA(255,255,255,0)\u00bb custom_padding=\u00bb16px|||||\u00bb global_colors_info=\u00bb{}\u00bb][et_pb_row column_structure=\u00bb1_4,3_4&#8243; use_custom_gutter=\u00bbon\u00bb gutter_width=\u00bb2&#8243; _builder_version=\u00bb4.22.2&#8243; _module_preset=\u00bbdefault\u00bb locked=\u00bboff\u00bb global_colors_info=\u00bb{}\u00bb][et_pb_column type=\u00bb1_4&#8243; _builder_version=\u00bb4.16&#8243; _module_preset=\u00bbdefault\u00bb global_colors_info=\u00bb{}\u00bb][et_pb_blurb title=\u00bbAntitrust Embalajes\u00bb use_icon=\u00bbon\u00bb font_icon=\u00bb&#xe088;||divi||400&#8243; icon_color=\u00bb#00A25A\u00bb image_icon_width=\u00bb32px\u00bb _builder_version=\u00bb4.22.2&#8243; _module_preset=\u00bb4b92905e-9236-4a4d-b1eb-2bf004827169&#8243; header_font=\u00bbBaskervville|700|||||||\u00bb header_text_color=\u00bb#00A25A\u00bb header_font_size=\u00bb20px\u00bb header_line_height=\u00bb1.1em\u00bb body_font_size=\u00bb12px\u00bb body_line_height=\u00bb1.8em\u00bb background_enable_color=\u00bboff\u00bb text_orientation=\u00bbcenter\u00bb custom_margin=\u00bb-5px|||||\u00bb custom_padding=\u00bb4px|25px|4px|25px|true|true\u00bb custom_padding_tablet=\u00bb30px|30px|30px|30px|true|true\u00bb custom_padding_phone=\u00bb20px|20px|20px|20px|true|true\u00bb custom_padding_last_edited=\u00bbon|phone\u00bb animation=\u00bboff\u00bb border_color_all=\u00bb#00A25A\u00bb locked=\u00bboff\u00bb global_colors_info=\u00bb{}\u00bb icon_color__hover=\u00bb#FFFFFF\u00bb icon_color__hover_enabled=\u00bbon|hover\u00bb header_text_color__hover=\u00bb#FFFFFF\u00bb header_text_color__hover_enabled=\u00bbon|hover\u00bb background_color__hover=\u00bb#646363&#8243; background__hover_enabled=\u00bbon|hover\u00bb body_text_color__hover=\u00bb#FFFFFF\u00bb body_text_color__hover_enabled=\u00bbon|hover\u00bb background_enable_color__hover=\u00bbon\u00bb][\/et_pb_blurb][\/et_pb_column][et_pb_column type=\u00bb3_4&#8243; _builder_version=\u00bb4.16&#8243; _module_preset=\u00bbdefault\u00bb global_colors_info=\u00bb{}\u00bb][et_pb_blurb title=\u00bbDE QU\u00c9 HABLAMOS\u00bb use_icon=\u00bbon\u00bb font_icon=\u00bb&#xf128;||fa||900&#8243; icon_color=\u00bb#00A25A\u00bb icon_placement=\u00bbleft\u00bb _builder_version=\u00bb4.22.2&#8243; _module_preset=\u00bbdefault\u00bb header_font=\u00bb|700|||||||\u00bb header_font_size=\u00bb16px\u00bb custom_margin=\u00bb||-2px|||\u00bb border_width_left=\u00bb2px\u00bb border_color_left=\u00bb#1D714F\u00bb border_width_all_phone=\u00bb0px\u00bb border_width_all_last_edited=\u00bboff|phone\u00bb border_width_left_tablet=\u00bb2px\u00bb border_width_left_phone=\u00bb0px\u00bb border_width_left_last_edited=\u00bbon|phone\u00bb global_colors_info=\u00bb{}\u00bb]<\/p>\n<p><span>Mediante Decisi\u00f3n n\u00b0. 27849\/2019 en el Procedimiento I-805-PRECIOS DEL <\/span><span>CART\u00d3N ONDULADO, la Autoridad Garante de la Competencia Y del <\/span><span>MercaDo (\u00abAGCM\u00bb), constat\u00f3 la existencia de dos c\u00e1rteles interconectados de acci\u00f3n concertada il\u00edcita por parte de determinados proveedores, con incrementos de costes para los compradores estimados en aproximadamente un 30%:<\/span><\/p>\n<ol>\n<li><span>El primero relativo a las <\/span><strong>hojas de papel <\/strong><span>utilizadas en la construcci\u00f3n de las cajas;<\/span><\/li>\n<li><span>El segundo se refer\u00eda al mercado de la producci\u00f3n y comercializaci\u00f3n de <\/span><strong>embalajes <\/strong><span>de cart\u00f3n ondulado.<\/span><\/li>\n<\/ol>\n<p>[\/et_pb_blurb][et_pb_blurb title=\u00bbGRUPOS DE INTER\u00c9S\u00bb use_icon=\u00bbon\u00bb font_icon=\u00bb&#xf500;||fa||900&#8243; icon_color=\u00bb#00A25A\u00bb icon_placement=\u00bbleft\u00bb _builder_version=\u00bb4.22.2&#8243; _module_preset=\u00bbdefault\u00bb header_font=\u00bb|700|||||||\u00bb header_font_size=\u00bb16px\u00bb custom_margin=\u00bb||-2px|||\u00bb border_width_left=\u00bb2px\u00bb border_color_left=\u00bb#1D714F\u00bb border_width_left_tablet=\u00bb2px\u00bb border_width_left_phone=\u00bb0px\u00bb border_width_left_last_edited=\u00bbon|phone\u00bb global_colors_info=\u00bb{}\u00bb]<\/p>\n<p><span>Todas las empresas que compraron embalajes de cart\u00f3n ondulado entre 2004 y 2017 a fabricantes identificados <\/span><span>por la Investigaci\u00f3n Antitrust:<br \/><\/span><span>Smurfit Kappa, International Paper, Idealkart, Gruppo Pro Gest (Pro Gest; Trevikart; Ondulati Maranello), Gruppo Innova (Innova Group Stabilimento di Caino, Innova Group), Gruppo Laveggia (Laveggia, Scatolificio Laveggia e Aliabox), Gruppo DS Smith (DS Smith, DS Smith Holding, Toscana Ondulati), Ondulati ed Imballaggi del Friuli, Ondulato Piceno, ICOM, GIFCO, Gruppo Sada, Saica, Mauro Benedetti, ICO, Grimaldi, MS Packaging.<\/span><\/p>\n<p>&nbsp;<\/p>\n<p>[\/et_pb_blurb][et_pb_blurb title=\u00bbRIESGO CERO PARA EL CEDENTE\u00bb use_icon=\u00bbon\u00bb font_icon=\u00bb&#xf164;||fa||900&#8243; icon_color=\u00bb#00A25A\u00bb icon_placement=\u00bbleft\u00bb _builder_version=\u00bb4.22.2&#8243; _module_preset=\u00bbdefault\u00bb header_font=\u00bb|700|||||||\u00bb header_font_size=\u00bb16px\u00bb custom_margin=\u00bb||-2px|||\u00bb border_width_left=\u00bb2px\u00bb border_color_left=\u00bb#1D714F\u00bb border_width_left_tablet=\u00bb2px\u00bb border_width_left_phone=\u00bb0px\u00bb border_width_left_last_edited=\u00bbon|phone\u00bb locked=\u00bboff\u00bb global_colors_info=\u00bb{}\u00bb]<\/p>\n<div class=\"page\" title=\"Page 1\">\n<div class=\"section\">\n<div class=\"layoutArea\">\n<div class=\"column\">\n<div class=\"page\" title=\"Page 1\">\n<div class=\"section\">\n<div class=\"layoutArea\">\n<div class=\"column\">\n<div class=\"page\" title=\"Page 1\">\n<div class=\"section\">\n<div class=\"layoutArea\">\n<div class=\"column\">\n<p><span>Todos los costes judiciales, incluidos los de la p\u00e9rdida del caso, correr\u00e1n \u00edntegramente a cargo de Lexcapital.<\/span><\/p>\n<\/div>\n<\/div>\n<\/div>\n<\/div>\n<\/div>\n<\/div>\n<\/div>\n<\/div>\n<\/div>\n<\/div>\n<\/div>\n<\/div>\n<p>[\/et_pb_blurb][\/et_pb_column][\/et_pb_row][\/et_pb_section][et_pb_section fb_built=\u00bb1&#8243; _builder_version=\u00bb4.22.2&#8243; _module_preset=\u00bbdefault\u00bb background_color=\u00bb#1D714F\u00bb custom_padding=\u00bb3px||2px|||\u00bb locked=\u00bboff\u00bb global_colors_info=\u00bb{}\u00bb][et_pb_row column_structure=\u00bb1_3,1_3,1_3&#8243; _builder_version=\u00bb4.22.2&#8243; _module_preset=\u00bbdefault\u00bb custom_margin=\u00bb15px||15px||true|false\u00bb custom_padding=\u00bb14px||4px|||\u00bb global_colors_info=\u00bb{}\u00bb][et_pb_column type=\u00bb1_3&#8243; _builder_version=\u00bb4.22.2&#8243; _module_preset=\u00bbdefault\u00bb global_colors_info=\u00bb{}\u00bb][et_pb_blurb title=\u00bbreservas de obras p\u00fablicas\u00bb use_icon=\u00bbon\u00bb font_icon=\u00bb&#xf1ad;||fa||900&#8243; icon_color=\u00bb#FFFFFF\u00bb image_icon_width=\u00bb35px\u00bb _builder_version=\u00bb4.22.2&#8243; _dynamic_attributes=\u00bblink_option_url\u00bb _module_preset=\u00bbdefault\u00bb header_font=\u00bb|700||on|||||\u00bb header_text_align=\u00bbcenter\u00bb header_text_color=\u00bb#FFFFFF\u00bb header_font_size=\u00bb14px\u00bb body_letter_spacing=\u00bb3px\u00bb link_option_url=\u00bb@ET-DC@eyJkeW5hbWljIjp0cnVlLCJjb250ZW50IjoicG9zdF9saW5rX3VybF9wYWdlIiwic2V0dGluZ3MiOnsicG9zdF9pZCI6IjQ3MCJ9fQ==@\u00bb border_color_right=\u00bb#FFFFFF\u00bb global_colors_info=\u00bb{}\u00bb font_icon__hover_enabled=\u00bboff|desktop\u00bb icon_color__hover_enabled=\u00bbon|desktop\u00bb icon_color__hover=\u00bb#00A25A\u00bb font_icon__hover=\u00bb\uf447||fa||900&#8243;][\/et_pb_blurb][\/et_pb_column][et_pb_column type=\u00bb1_3&#8243; _builder_version=\u00bb4.22.2&#8243; _module_preset=\u00bbdefault\u00bb global_colors_info=\u00bb{}\u00bb][et_pb_blurb title=\u00bbcontenciosos inmobiliarios\u00bb use_icon=\u00bbon\u00bb font_icon=\u00bb&#xf015;||fa||900&#8243; icon_color=\u00bb#FFFFFF\u00bb image_icon_width=\u00bb35px\u00bb _builder_version=\u00bb4.24.0&#8243; _dynamic_attributes=\u00bblink_option_url\u00bb _module_preset=\u00bbdefault\u00bb header_font=\u00bb|700||on|||||\u00bb header_text_align=\u00bbcenter\u00bb header_text_color=\u00bb#FFFFFF\u00bb header_font_size=\u00bb14px\u00bb body_letter_spacing=\u00bb3px\u00bb width=\u00bb99.9%\u00bb custom_padding=\u00bb|0px|||false|false\u00bb link_option_url=\u00bb@ET-DC@eyJkeW5hbWljIjp0cnVlLCJjb250ZW50IjoicG9zdF9saW5rX3VybF9wYWdlIiwic2V0dGluZ3MiOnsicG9zdF9pZCI6IjE4MjYifX0=@\u00bb border_color_right=\u00bb#FFFFFF\u00bb global_colors_info=\u00bb{}\u00bb icon_color__hover_enabled=\u00bbon|hover\u00bb icon_color__hover=\u00bb#00A25A\u00bb][\/et_pb_blurb][\/et_pb_column][et_pb_column type=\u00bb1_3&#8243; _builder_version=\u00bb4.22.2&#8243; _module_preset=\u00bbdefault\u00bb global_colors_info=\u00bb{}\u00bb][et_pb_blurb title=\u00bbda\u00f1os del seguro\u00bb use_icon=\u00bbon\u00bb font_icon=\u00bb&#xf5de;||fa||900&#8243; icon_color=\u00bb#FFFFFF\u00bb image_icon_width=\u00bb35px\u00bb _builder_version=\u00bb4.22.2&#8243; _dynamic_attributes=\u00bblink_option_url\u00bb _module_preset=\u00bbdefault\u00bb header_font=\u00bb|700||on|||||\u00bb header_text_align=\u00bbcenter\u00bb header_text_color=\u00bb#FFFFFF\u00bb header_font_size=\u00bb14px\u00bb body_letter_spacing=\u00bb3px\u00bb link_option_url=\u00bb@ET-DC@eyJkeW5hbWljIjp0cnVlLCJjb250ZW50IjoicG9zdF9saW5rX3VybF9wYWdlIiwic2V0dGluZ3MiOnsicG9zdF9pZCI6IjU0NSJ9fQ==@\u00bb global_colors_info=\u00bb{}\u00bb icon_color__hover_enabled=\u00bbon|hover\u00bb icon_color__hover=\u00bb#00A25A\u00bb][\/et_pb_blurb][\/et_pb_column][\/et_pb_row][et_pb_row column_structure=\u00bb1_3,1_3,1_3&#8243; _builder_version=\u00bb4.22.2&#8243; _module_preset=\u00bbdefault\u00bb custom_margin=\u00bb15px||15px||true|false\u00bb custom_padding=\u00bb14px||4px|||\u00bb global_colors_info=\u00bb{}\u00bb][et_pb_column type=\u00bb1_3&#8243; _builder_version=\u00bb4.22.2&#8243; _module_preset=\u00bbdefault\u00bb global_colors_info=\u00bb{}\u00bb][et_pb_blurb title=\u00bbReverse litigation funding\u00bb use_icon=\u00bbon\u00bb font_icon=\u00bb&#xf0e3;||fa||900&#8243; icon_color=\u00bb#FFFFFF\u00bb image_icon_width=\u00bb35px\u00bb _builder_version=\u00bb4.24.0&#8243; _dynamic_attributes=\u00bblink_option_url\u00bb _module_preset=\u00bbdefault\u00bb header_font=\u00bb|700||on|||||\u00bb header_text_align=\u00bbcenter\u00bb header_text_color=\u00bb#FFFFFF\u00bb header_font_size=\u00bb14px\u00bb body_letter_spacing=\u00bb3px\u00bb link_option_url=\u00bb@ET-DC@eyJkeW5hbWljIjp0cnVlLCJjb250ZW50IjoicG9zdF9saW5rX3VybF9wYWdlIiwic2V0dGluZ3MiOnsicG9zdF9pZCI6IjY1NCJ9fQ==@\u00bb hover_enabled=\u00bb0&#8243; locked=\u00bboff\u00bb global_colors_info=\u00bb{}\u00bb icon_color__hover_enabled=\u00bbon|hover\u00bb icon_color__hover=\u00bb#00A25A\u00bb sticky_enabled=\u00bb0&#8243;][\/et_pb_blurb][\/et_pb_column][et_pb_column type=\u00bb1_3&#8243; _builder_version=\u00bb4.22.2&#8243; _module_preset=\u00bbdefault\u00bb global_colors_info=\u00bb{}\u00bb][et_pb_blurb title=\u00bbPROCEDIMIENTOS CONCURSALES Y REESTRUCTURACIONES DE EMPRESAS\u00bb use_icon=\u00bbon\u00bb font_icon=\u00bb&#xf07c;||fa||900&#8243; icon_color=\u00bb#FFFFFF\u00bb image_icon_width=\u00bb35px\u00bb _builder_version=\u00bb4.22.2&#8243; _dynamic_attributes=\u00bblink_option_url\u00bb _module_preset=\u00bbdefault\u00bb header_font=\u00bb|700||on|||||\u00bb header_text_align=\u00bbcenter\u00bb header_text_color=\u00bb#FFFFFF\u00bb header_font_size=\u00bb14px\u00bb body_letter_spacing=\u00bb3px\u00bb custom_margin=\u00bb|||-19px|false|false\u00bb link_option_url=\u00bb@ET-DC@eyJkeW5hbWljIjp0cnVlLCJjb250ZW50IjoicG9zdF9saW5rX3VybF9wYWdlIiwic2V0dGluZ3MiOnsicG9zdF9pZCI6IjgzMiJ9fQ==@\u00bb border_color_left=\u00bb#FFFFFF\u00bb locked=\u00bboff\u00bb global_colors_info=\u00bb{}\u00bb icon_color__hover_enabled=\u00bbon|hover\u00bb icon_color__hover=\u00bb#00A25A\u00bb][\/et_pb_blurb][\/et_pb_column][et_pb_column type=\u00bb1_3&#8243; _builder_version=\u00bb4.22.2&#8243; _module_preset=\u00bbdefault\u00bb global_colors_info=\u00bb{}\u00bb][et_pb_blurb title=\u00bbderivados financieros\u00bb use_icon=\u00bbon\u00bb font_icon=\u00bb&#xf573;||fa||900&#8243; icon_color=\u00bb#FFFFFF\u00bb image_icon_width=\u00bb35px\u00bb _builder_version=\u00bb4.22.2&#8243; _dynamic_attributes=\u00bblink_option_url\u00bb _module_preset=\u00bbdefault\u00bb header_font=\u00bb|700||on|||||\u00bb header_text_align=\u00bbcenter\u00bb header_text_color=\u00bb#FFFFFF\u00bb header_font_size=\u00bb14px\u00bb body_letter_spacing=\u00bb3px\u00bb width=\u00bb99.9%\u00bb custom_padding=\u00bb|0px|||false|false\u00bb link_option_url=\u00bb@ET-DC@eyJkeW5hbWljIjp0cnVlLCJjb250ZW50IjoicG9zdF9saW5rX3VybF9wYWdlIiwic2V0dGluZ3MiOnsicG9zdF9pZCI6IjUzNSJ9fQ==@\u00bb border_color_right=\u00bb#FFFFFF\u00bb global_colors_info=\u00bb{}\u00bb icon_color__hover_enabled=\u00bbon|hover\u00bb icon_color__hover=\u00bb#00A25A\u00bb locked=\u00bboff\u00bb][\/et_pb_blurb][\/et_pb_column][\/et_pb_row][\/et_pb_section]<\/p>\n","protected":false},"excerpt":{"rendered":"<p>Antitrust EmbalajesMediante Decisi\u00f3n n\u00b0. 27849\/2019 en el Procedimiento I-805-PRECIOS DEL CART\u00d3N ONDULADO, la Autoridad Garante de la Competencia Y del MercaDo (\u00abAGCM\u00bb), constat\u00f3 la existencia de dos c\u00e1rteles interconectados de acci\u00f3n concertada il\u00edcita por parte de determinados proveedores, con incrementos de costes para los compradores estimados en aproximadamente un 30%:El primero relativo a las hojas [&hellip;]<\/p>\n","protected":false},"author":1,"featured_media":0,"parent":0,"menu_order":0,"comment_status":"closed","ping_status":"closed","template":"","meta":{"_et_pb_use_builder":"on","_et_pb_old_content":"","_et_gb_content_width":"","footnotes":""},"class_list":["post-1503","page","type-page","status-publish","hentry"],"yoast_head":"<!-- This site is optimized with the Yoast SEO plugin v26.8 - https:\/\/yoast.com\/product\/yoast-seo-wordpress\/ -->\n<title>Antitrust Embalajes - Lexcapital<\/title>\n<meta name=\"robots\" content=\"index, follow, max-snippet:-1, max-image-preview:large, max-video-preview:-1\" \/>\n<link rel=\"canonical\" href=\"https:\/\/www.lexcapital.it\/es\/antitrust-imballaggi-2\/\" \/>\n<meta property=\"og:locale\" content=\"es_ES\" \/>\n<meta property=\"og:type\" content=\"article\" \/>\n<meta property=\"og:title\" content=\"Antitrust Embalajes - Lexcapital\" \/>\n<meta property=\"og:description\" content=\"Antitrust EmbalajesMediante Decisi\u00f3n n\u00b0. 27849\/2019 en el Procedimiento I-805-PRECIOS DEL CART\u00d3N ONDULADO, la Autoridad Garante de la Competencia Y del MercaDo (\u00abAGCM\u00bb), constat\u00f3 la existencia de dos c\u00e1rteles interconectados de acci\u00f3n concertada il\u00edcita por parte de determinados proveedores, con incrementos de costes para los compradores estimados en aproximadamente un 30%:El primero relativo a las hojas [&hellip;]\" \/>\n<meta property=\"og:url\" content=\"https:\/\/www.lexcapital.it\/es\/antitrust-imballaggi-2\/\" \/>\n<meta property=\"og:site_name\" content=\"Lexcapital\" \/>\n<meta property=\"article:modified_time\" content=\"2024-05-06T12:00:10+00:00\" \/>\n<meta name=\"twitter:card\" content=\"summary_large_image\" \/>\n<meta name=\"twitter:label1\" content=\"Tiempo de lectura\" \/>\n\t<meta name=\"twitter:data1\" content=\"9 minutos\" \/>\n<script type=\"application\/ld+json\" class=\"yoast-schema-graph\">{\"@context\":\"https:\/\/schema.org\",\"@graph\":[{\"@type\":\"WebPage\",\"@id\":\"https:\/\/www.lexcapital.it\/es\/antitrust-imballaggi-2\/\",\"url\":\"https:\/\/www.lexcapital.it\/es\/antitrust-imballaggi-2\/\",\"name\":\"Antitrust Embalajes - Lexcapital\",\"isPartOf\":{\"@id\":\"https:\/\/www.lexcapital.it\/es\/#website\"},\"datePublished\":\"2023-10-19T09:26:52+00:00\",\"dateModified\":\"2024-05-06T12:00:10+00:00\",\"breadcrumb\":{\"@id\":\"https:\/\/www.lexcapital.it\/es\/antitrust-imballaggi-2\/#breadcrumb\"},\"inLanguage\":\"es\",\"potentialAction\":[{\"@type\":\"ReadAction\",\"target\":[\"https:\/\/www.lexcapital.it\/es\/antitrust-imballaggi-2\/\"]}]},{\"@type\":\"BreadcrumbList\",\"@id\":\"https:\/\/www.lexcapital.it\/es\/antitrust-imballaggi-2\/#breadcrumb\",\"itemListElement\":[{\"@type\":\"ListItem\",\"position\":1,\"name\":\"Home\",\"item\":\"https:\/\/www.lexcapital.it\/es\/\"},{\"@type\":\"ListItem\",\"position\":2,\"name\":\"Antitrust Embalajes\"}]},{\"@type\":\"WebSite\",\"@id\":\"https:\/\/www.lexcapital.it\/es\/#website\",\"url\":\"https:\/\/www.lexcapital.it\/es\/\",\"name\":\"Lexcapital\",\"description\":\"Litigation Funding\",\"publisher\":{\"@id\":\"https:\/\/www.lexcapital.it\/es\/#organization\"},\"potentialAction\":[{\"@type\":\"SearchAction\",\"target\":{\"@type\":\"EntryPoint\",\"urlTemplate\":\"https:\/\/www.lexcapital.it\/es\/?s={search_term_string}\"},\"query-input\":{\"@type\":\"PropertyValueSpecification\",\"valueRequired\":true,\"valueName\":\"search_term_string\"}}],\"inLanguage\":\"es\"},{\"@type\":\"Organization\",\"@id\":\"https:\/\/www.lexcapital.it\/es\/#organization\",\"name\":\"Lexcapital\",\"url\":\"https:\/\/www.lexcapital.it\/es\/\",\"logo\":{\"@type\":\"ImageObject\",\"inLanguage\":\"es\",\"@id\":\"https:\/\/www.lexcapital.it\/es\/#\/schema\/logo\/image\/\",\"url\":\"https:\/\/www.lexcapital.it\/wp-content\/uploads\/2023\/11\/Logo-Lex-Capital-grande.png\",\"contentUrl\":\"https:\/\/www.lexcapital.it\/wp-content\/uploads\/2023\/11\/Logo-Lex-Capital-grande.png\",\"width\":1200,\"height\":480,\"caption\":\"Lexcapital\"},\"image\":{\"@id\":\"https:\/\/www.lexcapital.it\/es\/#\/schema\/logo\/image\/\"}}]}<\/script>\n<!-- \/ Yoast SEO plugin. -->","yoast_head_json":{"title":"Antitrust Embalajes - Lexcapital","robots":{"index":"index","follow":"follow","max-snippet":"max-snippet:-1","max-image-preview":"max-image-preview:large","max-video-preview":"max-video-preview:-1"},"canonical":"https:\/\/www.lexcapital.it\/es\/antitrust-imballaggi-2\/","og_locale":"es_ES","og_type":"article","og_title":"Antitrust Embalajes - Lexcapital","og_description":"Antitrust EmbalajesMediante Decisi\u00f3n n\u00b0. 27849\/2019 en el Procedimiento I-805-PRECIOS DEL CART\u00d3N ONDULADO, la Autoridad Garante de la Competencia Y del MercaDo (\u00abAGCM\u00bb), constat\u00f3 la existencia de dos c\u00e1rteles interconectados de acci\u00f3n concertada il\u00edcita por parte de determinados proveedores, con incrementos de costes para los compradores estimados en aproximadamente un 30%:El primero relativo a las hojas [&hellip;]","og_url":"https:\/\/www.lexcapital.it\/es\/antitrust-imballaggi-2\/","og_site_name":"Lexcapital","article_modified_time":"2024-05-06T12:00:10+00:00","twitter_card":"summary_large_image","twitter_misc":{"Tiempo de lectura":"9 minutos"},"schema":{"@context":"https:\/\/schema.org","@graph":[{"@type":"WebPage","@id":"https:\/\/www.lexcapital.it\/es\/antitrust-imballaggi-2\/","url":"https:\/\/www.lexcapital.it\/es\/antitrust-imballaggi-2\/","name":"Antitrust Embalajes - Lexcapital","isPartOf":{"@id":"https:\/\/www.lexcapital.it\/es\/#website"},"datePublished":"2023-10-19T09:26:52+00:00","dateModified":"2024-05-06T12:00:10+00:00","breadcrumb":{"@id":"https:\/\/www.lexcapital.it\/es\/antitrust-imballaggi-2\/#breadcrumb"},"inLanguage":"es","potentialAction":[{"@type":"ReadAction","target":["https:\/\/www.lexcapital.it\/es\/antitrust-imballaggi-2\/"]}]},{"@type":"BreadcrumbList","@id":"https:\/\/www.lexcapital.it\/es\/antitrust-imballaggi-2\/#breadcrumb","itemListElement":[{"@type":"ListItem","position":1,"name":"Home","item":"https:\/\/www.lexcapital.it\/es\/"},{"@type":"ListItem","position":2,"name":"Antitrust Embalajes"}]},{"@type":"WebSite","@id":"https:\/\/www.lexcapital.it\/es\/#website","url":"https:\/\/www.lexcapital.it\/es\/","name":"Lexcapital","description":"Litigation Funding","publisher":{"@id":"https:\/\/www.lexcapital.it\/es\/#organization"},"potentialAction":[{"@type":"SearchAction","target":{"@type":"EntryPoint","urlTemplate":"https:\/\/www.lexcapital.it\/es\/?s={search_term_string}"},"query-input":{"@type":"PropertyValueSpecification","valueRequired":true,"valueName":"search_term_string"}}],"inLanguage":"es"},{"@type":"Organization","@id":"https:\/\/www.lexcapital.it\/es\/#organization","name":"Lexcapital","url":"https:\/\/www.lexcapital.it\/es\/","logo":{"@type":"ImageObject","inLanguage":"es","@id":"https:\/\/www.lexcapital.it\/es\/#\/schema\/logo\/image\/","url":"https:\/\/www.lexcapital.it\/wp-content\/uploads\/2023\/11\/Logo-Lex-Capital-grande.png","contentUrl":"https:\/\/www.lexcapital.it\/wp-content\/uploads\/2023\/11\/Logo-Lex-Capital-grande.png","width":1200,"height":480,"caption":"Lexcapital"},"image":{"@id":"https:\/\/www.lexcapital.it\/es\/#\/schema\/logo\/image\/"}}]}},"_links":{"self":[{"href":"https:\/\/www.lexcapital.it\/es\/wp-json\/wp\/v2\/pages\/1503","targetHints":{"allow":["GET"]}}],"collection":[{"href":"https:\/\/www.lexcapital.it\/es\/wp-json\/wp\/v2\/pages"}],"about":[{"href":"https:\/\/www.lexcapital.it\/es\/wp-json\/wp\/v2\/types\/page"}],"author":[{"embeddable":true,"href":"https:\/\/www.lexcapital.it\/es\/wp-json\/wp\/v2\/users\/1"}],"replies":[{"embeddable":true,"href":"https:\/\/www.lexcapital.it\/es\/wp-json\/wp\/v2\/comments?post=1503"}],"version-history":[{"count":0,"href":"https:\/\/www.lexcapital.it\/es\/wp-json\/wp\/v2\/pages\/1503\/revisions"}],"wp:attachment":[{"href":"https:\/\/www.lexcapital.it\/es\/wp-json\/wp\/v2\/media?parent=1503"}],"curies":[{"name":"wp","href":"https:\/\/api.w.org\/{rel}","templated":true}]}}