{"id":1440,"date":"2023-11-14T09:28:07","date_gmt":"2023-11-14T08:28:07","guid":{"rendered":"https:\/\/www.lexcapital.it\/privacy-policy\/"},"modified":"2024-06-21T10:09:21","modified_gmt":"2024-06-21T08:09:21","slug":"informativa-privacy-2","status":"publish","type":"page","link":"https:\/\/www.lexcapital.it\/en\/informativa-privacy-2\/","title":{"rendered":"Informativa Privacy"},"content":{"rendered":"<p>[et_pb_section fb_built=&#8221;1&#8243; _builder_version=&#8221;4.22.2&#8243; _module_preset=&#8221;default&#8221; custom_padding=&#8221;||4px|||&#8221; global_colors_info=&#8221;{}&#8221;][et_pb_row _builder_version=&#8221;4.22.2&#8243; _module_preset=&#8221;default&#8221; custom_margin=&#8221;51px|auto||auto||&#8221; custom_padding=&#8221;25px||49px|||&#8221; global_colors_info=&#8221;{}&#8221;][et_pb_column type=&#8221;4_4&#8243; _builder_version=&#8221;4.22.2&#8243; _module_preset=&#8221;default&#8221; global_colors_info=&#8221;{}&#8221;][et_pb_text _builder_version=&#8221;4.22.2&#8243; _module_preset=&#8221;53fac924-1644-4f70-a8a0-435df3cf1c52&#8243; header_font=&#8221;Baskervville|600|||||||&#8221; header_text_color=&#8221;#646363&#8243; header_font_size=&#8221;63px&#8221; header_line_height=&#8221;1.1em&#8221; custom_margin=&#8221;|-216px||||&#8221; header_font_size_tablet=&#8221;50px&#8221; header_font_size_phone=&#8221;24px&#8221; header_font_size_last_edited=&#8221;on|phone&#8221; locked=&#8221;off&#8221; global_colors_info=&#8221;{}&#8221;]<\/p>\n<h1>Informativa Privacy<\/h1>\n<p>[\/et_pb_text][\/et_pb_column][\/et_pb_row][\/et_pb_section][et_pb_section fb_built=&#8221;1&#8243; admin_label=&#8221;About&#8221; _builder_version=&#8221;4.16&#8243; _module_preset=&#8221;default&#8221; custom_padding=&#8221;0px|||||&#8221; locked=&#8221;off&#8221; global_colors_info=&#8221;{}&#8221;][et_pb_row use_custom_gutter=&#8221;on&#8221; gutter_width=&#8221;4&#8243; _builder_version=&#8221;4.16&#8243; _module_preset=&#8221;default&#8221; custom_padding=&#8221;18px|||||&#8221; global_colors_info=&#8221;{}&#8221;][et_pb_column type=&#8221;4_4&#8243; _builder_version=&#8221;4.16&#8243; _module_preset=&#8221;default&#8221; global_colors_info=&#8221;{}&#8221;][et_pb_divider color=&#8221;#1D714F&#8221; divider_weight=&#8221;3px&#8221; _builder_version=&#8221;4.22.2&#8243; _module_preset=&#8221;ce0e852d-65f7-4b50-97d9-c94701b6b484&#8243; max_width=&#8221;300px&#8221; module_alignment=&#8221;left&#8221; height=&#8221;5px&#8221; custom_margin=&#8221;0px||18px||false|false&#8221; custom_margin_tablet=&#8221;-22px||||false|false&#8221; custom_margin_phone=&#8221;-18px||||false|false&#8221; custom_margin_last_edited=&#8221;on|phone&#8221; locked=&#8221;off&#8221; global_colors_info=&#8221;{}&#8221;][\/et_pb_divider][et_pb_text _builder_version=&#8221;4.24.0&#8243; _module_preset=&#8221;22d0da71-6393-430b-a0cd-b77dd565e85c&#8221; text_font_size=&#8221;16px&#8221; text_line_height=&#8221;1.8em&#8221; text_font_size_tablet=&#8221;15px&#8221; text_font_size_phone=&#8221;14px&#8221; text_font_size_last_edited=&#8221;on|phone&#8221; header_font_size_tablet=&#8221;55px&#8221; header_font_size_last_edited=&#8221;off|desktop&#8221; locked=&#8221;off&#8221; global_colors_info=&#8221;{}&#8221;]<\/p>\n<p class=\"p1\"><b>Premessa<\/b><\/p>\n<p class=\"p1\">In questo documento si descrivono le modalit\u00e0 di gestione del sito web <a href=\"https:\/\/www.lexcapital.it\/\"><span class=\"s1\">https:\/\/www.lexcapital.it\/<\/span><\/a> (\u201c<b>Sito<\/b>\u201d) con riferimento al trattamento di dati personali degli utenti (\u201c<b>Utente\/Utenti<\/b>\u201d) che lo consultano. La presente informativa concerne anche il trattamento dei dati di terzi soggetti di cui il titolare venga a conoscenza, tramite il Sito e\/o altri canali, per la valutazione di una <i>res litigiosa<\/i> al fine di stabilire se assumerne o meno i costi di lite.<\/p>\n<p class=\"p1\">\u00c8 un\u2019informativa resa ai sensi degli artt. 13 e 14 del Regolamento UE 679\/2016 (\u201c<b>GDPR<\/b>\u201d) a tutti gli interessati ed<span class=\"Apple-converted-space\">\u00a0 <\/span>\u00e8 resa solo per il Sito e non anche per altri siti web eventualmente consultati dall\u2019Utente tramite link presenti sul Sito.<\/p>\n<p><b><\/b><span class=\"s2\"><b>1. Titolare del trattamento <\/b><\/span><\/p>\n<p class=\"p1\">Il titolare del trattamento dei dati personali \u00e8 LexCapital S.r.l. \u2013 Societ\u00e0 Benefit, C.F. e P. IVA 02332790688, con sede legale in Via Emilia 14 &#8211; 65122 Pescara e sede operativa in via Uberto Visconti di Modrone 18 &#8211; 20122 Milano, indirizzo e-mail <a href=\"mailto:info@lexcapital.it\"><span class=\"s1\">info@lexcapital.it<\/span><\/a> (\u201c<b>Titolare<\/b>\u201d).<\/p>\n<p class=\"p1\">Il Titolare d\u00e0 atto di aver nominato il responsabile della protezione dei dati (\u201cDPO\u201d) contattabile al seguente indirizzo e-mail: dpo@lexcapital.it.<\/p>\n<p><b><\/b><span class=\"s2\"><b>2. Tipologia di dati trattati<\/b><\/span><\/p>\n<p><b><\/b><span class=\"s2\"><b>2.1 Dati di navigazione<\/b><\/span><\/p>\n<p class=\"p1\">I sistemi informatici e le procedure software preposte al funzionamento del Sito acquisiscono, nel corso del loro normale esercizio, alcuni dati personali la cui trasmissione \u00e8 implicita nell\u2019uso di protocolli di comunicazione di internet.<\/p>\n<p class=\"p1\">Si tratta di informazioni che non sono raccolte per essere associate a soggetti identificati, ma che per la loro stessa natura potrebbero permettere di identificare gli Utenti. In questa categoria di dati rientrano (i) gli indirizzi IP o i nomi di dominio dei computer utilizzati dagli Utenti che si connettono al Sito, (ii) gli indirizzi di notazione URI (Uniform Resource Identifier) delle risorse richieste, (iii) l\u2019orario della richiesta, (iv) il metodo utilizzato per sottoporre la richiesta al server, (v) la dimensione del file ottenuto in risposta, (vi) il codice numerico indicante lo stato della risposta data dal server (buon fine, errore) ed (vii) altri parametri relativi al sistema operativo e all\u2019ambiente informatico dell\u2019Utente.<\/p>\n<p class=\"p1\">Questi dati vengono utilizzati al solo fine di ricavare informazioni statistiche anonime sull\u2019uso del Sito e per controllarne il corretto funzionamento e vengono cancellati immediatamente dopo l\u2019elaborazione.<\/p>\n<p><b><\/b><span class=\"s2\"><b>2.2 Dati forniti volontariamente dall\u2019Utente <\/b><\/span><\/p>\n<p class=\"p1\">L\u2019invio facoltativo, esplicito e volontario di posta elettronica agli indirizzi mail del Titolare indicati sul Sito comporta l\u2019acquisizione e il trattamento da parte del Titolare di tali dati e di ogni altra informazione contenuta in tali comunicazioni per le finalit\u00e0 indicate al successivo par. 3.<\/p>\n<p><b><\/b><span class=\"s2\"><b>2.3 Dati necessari per la valutazione di una <i>res litigiosa<\/i> <\/b><\/span><\/p>\n<p class=\"p1\">Il Titolare ha come proprio scopo quello di selezionale, valutare e acquistare la <i>res litigiosa <\/i>dai soggetti titolari al fine della sua gestione. In particolare, il Titolare assume tutti gli oneri per spese legali e consulenze tecniche, anche per il caso di eventuale soccombenza e, solo in caso di esito favorevole, partecipa, con una quota pre-concordata, al vantaggio economico ottenuto dal soggetto cedente.<\/p>\n<p class=\"p1\">La valutazione della <i>res litigiosa <\/i>ai fini dell\u2019assunzione, da parte del Titolare, dei costi di lite in relazione al contenzioso pu\u00f2 comportare il trattamento dei dati personali di terze parti eventualmente contenuti nella documentazione necessaria alla valutazione stessa.<\/p>\n<p><b><\/b><span class=\"s2\"><b>3. Finalit\u00e0 e base giuridica del trattamento <\/b><\/span><\/p>\n<p class=\"p1\">Il trattamento dei dati personali dell\u2019Utente da parte del Titolare \u00e8 finalizzato a:<\/p>\n<ol>\n<li><span class=\"s2\">perseguire, conformemente all\u2019art. 6.1, lett. f) del GDPR, un proprio legittimo interesse, consistente nel garantire la sicurezza del Sito e delle informazioni sullo stesso scambiate, ossia la capacit\u00e0 di tale Sito di resistere, a un dato livello di sicurezza, a eventi imprevisti o ad atti illeciti o dolosi che compromettano la disponibilit\u00e0, l\u2019autenticit\u00e0, l\u2019integrit\u00e0 e la riservatezza dei dati personali conservati o trasmessi e la sicurezza dei relativi servizi offerti o resi accessibili;<\/span><\/li>\n<li><span class=\"s2\">adempiere alle richieste formulate dall\u2019Utente mediante l\u2019invio posta elettronica agli indirizzi mail del Titolare indicati sul Sito, anche al fine di riscontrare<b> <\/b>la richiesta preliminare sulla possibilit\u00e0, da parte del Titolare, di assumere i costi di lite in relazione al contenzioso, ai sensi dell\u2019art. 6.1, lett. b) del GDPR.<\/span><\/li>\n<li><span class=\"s2\">qualora nelle richieste formulate al Titolare, mediante l\u2019invio di comunicazioni via e-mail o tramite altri canali, siano contenuti dati personali di terze parti, il cui trattamento \u00e8 necessario per valutare la possibilit\u00e0, da parte del Titolare, di assumere i costi di lite in relazione al contenzioso sottoposto, tale trattamento \u00e8 effettuato ai sensi dell\u2019art. 6.1, lett. f) del GDPR.<\/span><\/li>\n<\/ol>\n<p><b><\/b><span class=\"s2\"><b>4. Conseguenze di un eventuale rifiuto di rispondere<\/b><\/span><\/p>\n<p class=\"p1\">Il conferimento dei dati per le finalit\u00e0 di cui al precedente paragrafo \u00e8 facoltativo. Un eventuale rifiuto, tuttavia, comporterebbe l\u2019impossibilit\u00e0 per l\u2019Utente di comunicare con il Titolare e per il Titolare di adempiere alle richieste dell\u2019Utente, oltre a garantire la sicurezza del Sito e delle informazioni sullo stesso scambiate.<\/p>\n<p><b><\/b><span class=\"s2\"><b>5. Modalit\u00e0 del trattamento<\/b><\/span><\/p>\n<p class=\"p1\">I dati personali sono trattati con sistemi manuali, informatici e automatizzati. Ai fini del corretto trattamento dei dati, \u00e8 necessario che l\u2019interessato comunichi tempestivamente le loro eventuali variazioni.<\/p>\n<p class=\"p1\">Si precisa, in particolare, che i dati personali dell\u2019Utente sono oggetto di trattamento da parte di soggetti debitamente incaricati all\u2019assolvimento di tali compiti, costantemente identificati e\/o nominati, opportunamente istruiti e resi edotti dai vincoli imposti dalla legge, nonch\u00e9 mediante l\u2019impiego di misure di sicurezza atte a garantire la tutela della Sua riservatezza e ad evitare i rischi di perdita o distruzione, di accessi non autorizzati, di trattamenti non consentiti o non conformi alle finalit\u00e0 di cui sopra. Le misure di sicurezza vengono costantemente migliorate in base allo sviluppo tecnologico. In particolare, il Titolare utilizza, a tutela dei Suoi diritti, protocolli di cifratura nell\u2019invio e nella ricezione di email, proteggiamo la nostra infrastruttura con firewall e antivirus.<\/p>\n<p><b><\/b><span class=\"s2\"><b>6. Trasferimento dei dati extra-UE<\/b><\/span><\/p>\n<p class=\"p1\">I dati degli utenti sono oggetto di trattamento all\u2019interno della UE, solo ed esclusivamente per comunicare agli Utenti la decisione del Titolare sulla possibilit\u00e0 di attivare i propri servizi.<\/p>\n<p class=\"p1\">I dati degli Utenti potranno essere oggetto di trasferimento presso Paesi extra-UE, il quale avverr\u00e0 in conformit\u00e0 a quanto previsto dagli artt. 44 e ss. del GDPR. In particolare, il trasferimento potr\u00e0 avvenire sulla base di una decisione di adeguatezza adottata dalla Commissione Europea (art. 45 GDPR) o, per quei Paesi in cui non sussiste alcuna decisione della Commissione, sulla base di garanzie adeguate, quali le clausole contrattuali standard o altro strumento appropriato ai sensi dell\u2019art. 46 GDPR, nonch\u00e9 eventuali misure di sicurezza supplementari.<\/p>\n<p><b><\/b><span class=\"s2\"><b>7. Comunicazione e diffusione dei dati<\/b><\/span><\/p>\n<p class=\"p1\">I dati personali raccolti sul Sito non potranno essere comunicati, venduti o ceduti a terzi, salve le ipotesi previste per legge. \u00c8 fatta salva, in ogni caso, la comunicazione dei dati a periti, consulenti e legali incaricati di valutare il contenzioso, nonch\u00e9 a societ\u00e0 espressamente incaricate di svolgere determinate prestazioni nell\u2019ambito dell\u2019attivit\u00e0 svolta dal Titolare e\/o, in generale, in suo favore, che opereranno in qualit\u00e0 di titolari autonomi e\/o responsabili del trattamento, nonch\u00e9 la comunicazione e\/o diffusione di dati richiesti, in conformit\u00e0 alla legge, da forze di polizia, dall\u2019autorit\u00e0 giudiziaria, da organismi di informazione e sicurezza o da altri soggetti pubblici per finalit\u00e0 di difesa o di sicurezza dello Stato o di prevenzione, accertamento o repressione dei reati.<\/p>\n<p><b><\/b><span class=\"s2\"><b>8. Durata del trattamento e conservazione dei dati personali<\/b><\/span><\/p>\n<p class=\"p1\">I dati personali dell\u2019Utente saranno trattati dal Titolare per il solo periodo di tempo necessario al raggiungimento delle finalit\u00e0 del trattamento di cui al precedente paragrafo 3, dopodich\u00e9 verranno conservati unicamente in esecuzione degli obblighi di legge vigenti in materia, per finalit\u00e0 di tipo amministrativo e\/o per far valere o difendere un proprio diritto, in caso di contenziosi e precontenziosi.<\/p>\n<p class=\"p1\">Il trattamento dei dati dell\u2019Utente per le finalit\u00e0 di cui al precedente paragrafo 3.1 verr\u00e0 effettuato per il tempo strettamente necessario a fornire riscontro all\u2019Utente e comunque non oltre 12 mesi.<\/p>\n<p><b><\/b><span class=\"s2\"><b>9. Diritti dell\u2019interessato<\/b><\/span><\/p>\n<p class=\"p1\">Ai sensi degli artt. 15 e ss. del GDPR, l\u2019Utente ha il diritto di ottenere:<\/p>\n<ul>\n<li><span class=\"s3\"><\/span><span class=\"s2\">la conferma dell\u2019esistenza o meno di dati personali che lo riguardano, anche se non ancora registrati, e la loro comunicazione in forma intelligibile e\/o l\u2019accesso agli stessi;<\/span><\/li>\n<li><span class=\"s3\"><\/span><span class=\"s2\">una copia dei suoi dati personali;<\/span><\/li>\n<li><span class=\"s3\"><\/span><span class=\"s2\">la rettifica dei suoi dati personali eventualmente inesatti;<\/span><\/li>\n<li><span class=\"s3\"><\/span><span class=\"s2\">la cancellazione dei suoi dati personali;<\/span><\/li>\n<li><span class=\"s3\"><\/span><span class=\"s2\">la limitazione del trattamento dei suoi dati personali;<\/span><\/li>\n<li><span class=\"s3\"><\/span><span class=\"s2\">in un formato strutturato, di uso comune e leggibile da dispositivo automatico i dati personali che ci ha fornito o che ha creato \u2013 esclusi i giudizi creati dal Titolare e\/o dalle persone autorizzate a trattare i suoi dati a nome e per conto del Titolare ex art. 4 del Regolamento \u2013 e di trasmetterli ad un altro titolare del trattamento (c.d. diritto alla portabilit\u00e0 dei dati);<\/span><\/li>\n<li><span class=\"s3\"><\/span><span class=\"s2\">l\u2019indicazione:<\/span>\n<ul>\n<li><span class=\"s4\"><\/span><span class=\"s2\">dell\u2019origine dei dati personali;<\/span><\/li>\n<li><span class=\"s4\"><\/span><span class=\"s2\">delle categorie di dati personali trattati;<\/span><\/li>\n<li><span class=\"s4\"><\/span><span class=\"s2\">delle finalit\u00e0 e modalit\u00e0 del trattamento;<\/span><\/li>\n<li><span class=\"s4\"><\/span><span class=\"s2\">della logica applicata in caso di trattamento effettuato con l\u2019ausilio di strumenti elettronici;<\/span><\/li>\n<li><span class=\"s4\"><\/span><span class=\"s2\">degli estremi identificativi del Titolare e degli eventuali responsabili;<\/span><\/li>\n<li><span class=\"s4\"><\/span><span class=\"s2\">del periodo di conservazione dei Suoi dati personali o dei criteri utili per la determinazione di tale periodo;<\/span><\/li>\n<li><span class=\"s4\"><\/span><span class=\"s2\">dei soggetti o delle categorie di soggetti ai quali i dati personali possono essere comunicati o che possono venirne a conoscenza in qualit\u00e0 di rappresentante designato nel territorio dello Stato, di responsabili o delle persone autorizzate a trattare i dati a nome e per conto del Titolare ex art. 4 del GDPR;<\/span><\/li>\n<\/ul>\n<\/li>\n<li><span class=\"s3\"><\/span><span class=\"s2\">l\u2019aggiornamento, la rettifica ovvero, quando Vi ha interesse, l\u2019integrazione dei dati;<\/span><\/li>\n<li><span class=\"s3\"><\/span><span class=\"s2\">la trasformazione in forma anonima o il blocco dei dati in violazione di legge, compresi quelli di cui non \u00e8 necessaria la conservazione in relazione agli scopi per i quali i dati sono stati raccolti o successivamente trattati;<\/span><\/li>\n<\/ul>\n<p class=\"p1\">Lei, inoltre, ha diritto di opporsi, in tutto o in parte:<\/p>\n<ul>\n<li><span class=\"s3\"><\/span><span class=\"s2\">per motivi legittimi, al trattamento dei dati personali che La riguardano, ancorch\u00e9 pertinenti allo scopo della raccolta;<\/span><\/li>\n<li><span class=\"s3\"><\/span><span class=\"s2\">al trattamento di dati personali che La riguardano a fini di invio di materiale pubblicitario o di vendita diretta o per il compimento di ricerche di mercato o di comunicazione commerciale.<\/span><\/li>\n<\/ul>\n<p class=\"p2\"><span class=\"s2\">Per esercitare i suddetti diritti, gli Utenti possono inviare una richiesta scritta al Titolare all\u2019indirizzo e-mail\u00a0all\u2019indirizzo info@lexcapital.it o al DPO all\u2019indirizzo dpo@lexcapital.it.<\/span><br \/><span class=\"s2\">La informiamo, da ultimo, che qualora ritenga che i Suoi diritti siano stati violati dal Titolare e\/o da un terzo, potr\u00e0 ulteriormente tutelare i suoi diritti sia rivolgendosi all\u2019autorit\u00e0 giudiziaria competente, sia al Garante per la Protezione dei Dati Personali e\/o ad altra autorit\u00e0 di controllo competente in forza del GDPR.<\/span><\/p>\n<p class=\"p2\"><span class=\"s2\"><\/span><\/p>\n<p class=\"p1\">La presente Privacy policy \u00e8 stata aggiornata il 20 Giugno 2024. Eventuali aggiornamenti saranno sempre pubblicati in questa pagina.<\/p>\n<p>[\/et_pb_text][\/et_pb_column][\/et_pb_row][\/et_pb_section]<\/p>\n","protected":false},"excerpt":{"rendered":"<p>Informativa PrivacyPremessa In questo documento si descrivono le modalit\u00e0 di gestione del sito web https:\/\/www.lexcapital.it\/ (\u201cSito\u201d) con riferimento al trattamento di dati personali degli utenti (\u201cUtente\/Utenti\u201d) che lo consultano. La presente informativa concerne anche il trattamento dei dati di terzi soggetti di cui il titolare venga a conoscenza, tramite il Sito e\/o altri canali, per [&hellip;]<\/p>\n","protected":false},"author":1,"featured_media":0,"parent":0,"menu_order":0,"comment_status":"closed","ping_status":"closed","template":"","meta":{"_et_pb_use_builder":"on","_et_pb_old_content":"","_et_gb_content_width":"","footnotes":""},"class_list":["post-1440","page","type-page","status-publish","hentry"],"yoast_head":"<!-- This site is optimized with the Yoast SEO plugin v26.8 - https:\/\/yoast.com\/product\/yoast-seo-wordpress\/ -->\n<title>Informativa Privacy - Lexcapital<\/title>\n<meta name=\"robots\" content=\"index, follow, max-snippet:-1, max-image-preview:large, max-video-preview:-1\" \/>\n<link rel=\"canonical\" href=\"https:\/\/www.lexcapital.it\/en\/informativa-privacy-2\/\" \/>\n<meta property=\"og:locale\" content=\"en_US\" \/>\n<meta property=\"og:type\" content=\"article\" \/>\n<meta property=\"og:title\" content=\"Informativa Privacy - Lexcapital\" \/>\n<meta property=\"og:description\" content=\"Informativa PrivacyPremessa In questo documento si descrivono le modalit\u00e0 di gestione del sito web https:\/\/www.lexcapital.it\/ (\u201cSito\u201d) con riferimento al trattamento di dati personali degli utenti (\u201cUtente\/Utenti\u201d) che lo consultano. La presente informativa concerne anche il trattamento dei dati di terzi soggetti di cui il titolare venga a conoscenza, tramite il Sito e\/o altri canali, per [&hellip;]\" \/>\n<meta property=\"og:url\" content=\"https:\/\/www.lexcapital.it\/en\/informativa-privacy-2\/\" \/>\n<meta property=\"og:site_name\" content=\"Lexcapital\" \/>\n<meta property=\"article:modified_time\" content=\"2024-06-21T08:09:21+00:00\" \/>\n<meta name=\"twitter:card\" content=\"summary_large_image\" \/>\n<meta name=\"twitter:label1\" content=\"Est. reading time\" \/>\n\t<meta name=\"twitter:data1\" content=\"10 minutes\" \/>\n<script type=\"application\/ld+json\" class=\"yoast-schema-graph\">{\"@context\":\"https:\/\/schema.org\",\"@graph\":[{\"@type\":\"WebPage\",\"@id\":\"https:\/\/www.lexcapital.it\/en\/informativa-privacy-2\/\",\"url\":\"https:\/\/www.lexcapital.it\/en\/informativa-privacy-2\/\",\"name\":\"Informativa Privacy - Lexcapital\",\"isPartOf\":{\"@id\":\"https:\/\/www.lexcapital.it\/en\/#website\"},\"datePublished\":\"2023-11-14T08:28:07+00:00\",\"dateModified\":\"2024-06-21T08:09:21+00:00\",\"breadcrumb\":{\"@id\":\"https:\/\/www.lexcapital.it\/en\/informativa-privacy-2\/#breadcrumb\"},\"inLanguage\":\"en-US\",\"potentialAction\":[{\"@type\":\"ReadAction\",\"target\":[\"https:\/\/www.lexcapital.it\/en\/informativa-privacy-2\/\"]}]},{\"@type\":\"BreadcrumbList\",\"@id\":\"https:\/\/www.lexcapital.it\/en\/informativa-privacy-2\/#breadcrumb\",\"itemListElement\":[{\"@type\":\"ListItem\",\"position\":1,\"name\":\"Home\",\"item\":\"https:\/\/www.lexcapital.it\/en\/\"},{\"@type\":\"ListItem\",\"position\":2,\"name\":\"Informativa Privacy\"}]},{\"@type\":\"WebSite\",\"@id\":\"https:\/\/www.lexcapital.it\/en\/#website\",\"url\":\"https:\/\/www.lexcapital.it\/en\/\",\"name\":\"Lexcapital\",\"description\":\"Litigation Funding\",\"publisher\":{\"@id\":\"https:\/\/www.lexcapital.it\/en\/#organization\"},\"potentialAction\":[{\"@type\":\"SearchAction\",\"target\":{\"@type\":\"EntryPoint\",\"urlTemplate\":\"https:\/\/www.lexcapital.it\/en\/?s={search_term_string}\"},\"query-input\":{\"@type\":\"PropertyValueSpecification\",\"valueRequired\":true,\"valueName\":\"search_term_string\"}}],\"inLanguage\":\"en-US\"},{\"@type\":\"Organization\",\"@id\":\"https:\/\/www.lexcapital.it\/en\/#organization\",\"name\":\"Lexcapital\",\"url\":\"https:\/\/www.lexcapital.it\/en\/\",\"logo\":{\"@type\":\"ImageObject\",\"inLanguage\":\"en-US\",\"@id\":\"https:\/\/www.lexcapital.it\/en\/#\/schema\/logo\/image\/\",\"url\":\"https:\/\/www.lexcapital.it\/wp-content\/uploads\/2023\/11\/Logo-Lex-Capital-grande.png\",\"contentUrl\":\"https:\/\/www.lexcapital.it\/wp-content\/uploads\/2023\/11\/Logo-Lex-Capital-grande.png\",\"width\":1200,\"height\":480,\"caption\":\"Lexcapital\"},\"image\":{\"@id\":\"https:\/\/www.lexcapital.it\/en\/#\/schema\/logo\/image\/\"}}]}<\/script>\n<!-- \/ Yoast SEO plugin. -->","yoast_head_json":{"title":"Informativa Privacy - Lexcapital","robots":{"index":"index","follow":"follow","max-snippet":"max-snippet:-1","max-image-preview":"max-image-preview:large","max-video-preview":"max-video-preview:-1"},"canonical":"https:\/\/www.lexcapital.it\/en\/informativa-privacy-2\/","og_locale":"en_US","og_type":"article","og_title":"Informativa Privacy - Lexcapital","og_description":"Informativa PrivacyPremessa In questo documento si descrivono le modalit\u00e0 di gestione del sito web https:\/\/www.lexcapital.it\/ (\u201cSito\u201d) con riferimento al trattamento di dati personali degli utenti (\u201cUtente\/Utenti\u201d) che lo consultano. La presente informativa concerne anche il trattamento dei dati di terzi soggetti di cui il titolare venga a conoscenza, tramite il Sito e\/o altri canali, per [&hellip;]","og_url":"https:\/\/www.lexcapital.it\/en\/informativa-privacy-2\/","og_site_name":"Lexcapital","article_modified_time":"2024-06-21T08:09:21+00:00","twitter_card":"summary_large_image","twitter_misc":{"Est. reading time":"10 minutes"},"schema":{"@context":"https:\/\/schema.org","@graph":[{"@type":"WebPage","@id":"https:\/\/www.lexcapital.it\/en\/informativa-privacy-2\/","url":"https:\/\/www.lexcapital.it\/en\/informativa-privacy-2\/","name":"Informativa Privacy - Lexcapital","isPartOf":{"@id":"https:\/\/www.lexcapital.it\/en\/#website"},"datePublished":"2023-11-14T08:28:07+00:00","dateModified":"2024-06-21T08:09:21+00:00","breadcrumb":{"@id":"https:\/\/www.lexcapital.it\/en\/informativa-privacy-2\/#breadcrumb"},"inLanguage":"en-US","potentialAction":[{"@type":"ReadAction","target":["https:\/\/www.lexcapital.it\/en\/informativa-privacy-2\/"]}]},{"@type":"BreadcrumbList","@id":"https:\/\/www.lexcapital.it\/en\/informativa-privacy-2\/#breadcrumb","itemListElement":[{"@type":"ListItem","position":1,"name":"Home","item":"https:\/\/www.lexcapital.it\/en\/"},{"@type":"ListItem","position":2,"name":"Informativa Privacy"}]},{"@type":"WebSite","@id":"https:\/\/www.lexcapital.it\/en\/#website","url":"https:\/\/www.lexcapital.it\/en\/","name":"Lexcapital","description":"Litigation Funding","publisher":{"@id":"https:\/\/www.lexcapital.it\/en\/#organization"},"potentialAction":[{"@type":"SearchAction","target":{"@type":"EntryPoint","urlTemplate":"https:\/\/www.lexcapital.it\/en\/?s={search_term_string}"},"query-input":{"@type":"PropertyValueSpecification","valueRequired":true,"valueName":"search_term_string"}}],"inLanguage":"en-US"},{"@type":"Organization","@id":"https:\/\/www.lexcapital.it\/en\/#organization","name":"Lexcapital","url":"https:\/\/www.lexcapital.it\/en\/","logo":{"@type":"ImageObject","inLanguage":"en-US","@id":"https:\/\/www.lexcapital.it\/en\/#\/schema\/logo\/image\/","url":"https:\/\/www.lexcapital.it\/wp-content\/uploads\/2023\/11\/Logo-Lex-Capital-grande.png","contentUrl":"https:\/\/www.lexcapital.it\/wp-content\/uploads\/2023\/11\/Logo-Lex-Capital-grande.png","width":1200,"height":480,"caption":"Lexcapital"},"image":{"@id":"https:\/\/www.lexcapital.it\/en\/#\/schema\/logo\/image\/"}}]}},"_links":{"self":[{"href":"https:\/\/www.lexcapital.it\/en\/wp-json\/wp\/v2\/pages\/1440","targetHints":{"allow":["GET"]}}],"collection":[{"href":"https:\/\/www.lexcapital.it\/en\/wp-json\/wp\/v2\/pages"}],"about":[{"href":"https:\/\/www.lexcapital.it\/en\/wp-json\/wp\/v2\/types\/page"}],"author":[{"embeddable":true,"href":"https:\/\/www.lexcapital.it\/en\/wp-json\/wp\/v2\/users\/1"}],"replies":[{"embeddable":true,"href":"https:\/\/www.lexcapital.it\/en\/wp-json\/wp\/v2\/comments?post=1440"}],"version-history":[{"count":0,"href":"https:\/\/www.lexcapital.it\/en\/wp-json\/wp\/v2\/pages\/1440\/revisions"}],"wp:attachment":[{"href":"https:\/\/www.lexcapital.it\/en\/wp-json\/wp\/v2\/media?parent=1440"}],"curies":[{"name":"wp","href":"https:\/\/api.w.org\/{rel}","templated":true}]}}